{"id":3389,"date":"2025-11-15T15:31:25","date_gmt":"2025-11-15T15:31:25","guid":{"rendered":"https:\/\/madrid-visit.com\/?page_id=3389"},"modified":"2025-11-15T15:31:25","modified_gmt":"2025-11-15T15:31:25","slug":"cookies-policy","status":"publish","type":"page","link":"https:\/\/madrid-visit.com\/es\/cookies-policy\/","title":{"rendered":"Pol\u00edtica de privacidad"},"content":{"rendered":"<h2 class=\"wp-block-heading\">www.ugeceagency.com utiliza cookies para mejorar la experiencia del usuario. Estas incluyen cookies propias y de terceros (Google Analytics).<\/h2>\n\n\n\n<p>1. Definici\u00f3n y funci\u00f3n de las cookies Las cookies son archivos que se almacenan en el dispositivo del usuario con el objetivo de mejorar la navegaci\u00f3n y permitir ciertas funcionalidades.<\/p>\n\n\n\n<p>2. Tipos de cookies utilizadas<br>Cookies t\u00e9cnicas: Necesarias para el funcionamiento del sitio web. Cookies de an\u00e1lisis: Utilizadas para medir y analizar el tr\u00e1fico en la web mediante Google Analytics.<\/p>\n\n\n\n<p>3. Gestor de consentimiento<br>Los usuarios pueden aceptar, rechazar o configurar sus preferencias sobre el uso de cookies mediante el aviso emergente en la web.<\/p>\n\n\n\n<p>4. C\u00f3mo eliminar las cookies<br>Las cookies pueden gestionarse a trav\u00e9s de la configuraci\u00f3n del navegador del usuario. Se incluyen instrucciones para los navegadores m\u00e1s utilizados:<\/p>\n\n\n\n<p><a href=\"https:\/\/support.apple.com\/es-es\/guide\/safari\/sfri11471\/mac\">Safari<\/a><\/p>\n\n\n\n<p><a href=\"https:\/\/support.google.com\/chrome\/answer\/95647?hl=es\">Google Chrome<\/a><\/p>\n\n\n\n<p><a href=\"https:\/\/support.mozilla.org\/es\/kb\/habilitar-y-deshabilitar-cookies-sitios-web-rastrear-preferencias\">Mozilla Firefox<\/a><\/p>\n\n\n\n<p><a href=\"https:\/\/support.microsoft.com\/es-es\/microsoft-edge\/administrar-cookies-en-microsoft-edge-63947406-40ac-c3b8-57b9-2a946a29ae09\">Microsoft Edge<\/a><\/p>","protected":false},"excerpt":{"rendered":"<p>This site uses cookies to improve the user experience. These include own and third party cookies (Google Analytics). 1. Definition and function of cookies Cookies are files that are stored on the user\u2019s device with the aim of improving browsing and enabling certain functionalities. 2. Types of cookies usedTechnical cookies:&hellip; <a class=\"continue\" href=\"https:\/\/madrid-visit.com\/es\/cookies-policy\/\">Continue Reading<span> Pol\u00edtica de privacidad<\/span><\/a><\/p>","protected":false},"author":1,"featured_media":0,"parent":0,"menu_order":0,"comment_status":"closed","ping_status":"closed","template":"","meta":{"footnotes":""},"class_list":["post-3389","page","type-page","status-publish","hentry"],"acf":[],"yoast_head":"<!-- This site is optimized with the Yoast SEO plugin v27.4 - https:\/\/yoast.com\/product\/yoast-seo-wordpress\/ -->\n<title>Cookies Policy - Madrid visit<\/title>\n<meta name=\"robots\" content=\"index, follow, max-snippet:-1, max-image-preview:large, max-video-preview:-1\" \/>\n<link rel=\"canonical\" href=\"https:\/\/madrid-visit.com\/es\/cookies-policy\/\" \/>\n<meta property=\"og:locale\" content=\"es_ES\" \/>\n<meta property=\"og:type\" content=\"article\" \/>\n<meta property=\"og:title\" content=\"Cookies Policy - Madrid visit\" \/>\n<meta property=\"og:description\" content=\"This site uses cookies to improve the user experience. These include own and third party cookies (Google Analytics). 1. Definition and function of cookies Cookies are files that are stored on the user\u2019s device with the aim of improving browsing and enabling certain functionalities. 2. Types of cookies usedTechnical cookies:&hellip; Continue Reading Cookies Policy\" \/>\n<meta property=\"og:url\" content=\"https:\/\/madrid-visit.com\/es\/cookies-policy\/\" \/>\n<meta property=\"og:site_name\" content=\"Madrid visit\" \/>\n<meta name=\"twitter:card\" content=\"summary_large_image\" \/>\n<meta name=\"twitter:label1\" content=\"Tiempo de lectura\" \/>\n\t<meta name=\"twitter:data1\" content=\"1 minuto\" \/>\n<script type=\"application\/ld+json\" class=\"yoast-schema-graph\">{\"@context\":\"https:\\\/\\\/schema.org\",\"@graph\":[{\"@type\":\"WebPage\",\"@id\":\"https:\\\/\\\/madrid-visit.com\\\/cookies-policy\\\/\",\"url\":\"https:\\\/\\\/madrid-visit.com\\\/cookies-policy\\\/\",\"name\":\"Cookies Policy - Madrid visit\",\"isPartOf\":{\"@id\":\"https:\\\/\\\/madrid-visit.com\\\/#website\"},\"datePublished\":\"2025-11-15T15:31:25+00:00\",\"breadcrumb\":{\"@id\":\"https:\\\/\\\/madrid-visit.com\\\/cookies-policy\\\/#breadcrumb\"},\"inLanguage\":\"es\",\"potentialAction\":[{\"@type\":\"ReadAction\",\"target\":[\"https:\\\/\\\/madrid-visit.com\\\/cookies-policy\\\/\"]}]},{\"@type\":\"BreadcrumbList\",\"@id\":\"https:\\\/\\\/madrid-visit.com\\\/cookies-policy\\\/#breadcrumb\",\"itemListElement\":[{\"@type\":\"ListItem\",\"position\":1,\"name\":\"Home\",\"item\":\"https:\\\/\\\/madrid-visit.com\\\/\"},{\"@type\":\"ListItem\",\"position\":2,\"name\":\"Cookies Policy\"}]},{\"@type\":\"WebSite\",\"@id\":\"https:\\\/\\\/madrid-visit.com\\\/#website\",\"url\":\"https:\\\/\\\/madrid-visit.com\\\/\",\"name\":\"Madrid visit\",\"description\":\"Tours in Madrid created from scratch to be relevant, fun, rigorous and entertaining, to create a unique experience.\",\"publisher\":{\"@id\":\"https:\\\/\\\/madrid-visit.com\\\/#organization\"},\"potentialAction\":[{\"@type\":\"SearchAction\",\"target\":{\"@type\":\"EntryPoint\",\"urlTemplate\":\"https:\\\/\\\/madrid-visit.com\\\/?s={search_term_string}\"},\"query-input\":{\"@type\":\"PropertyValueSpecification\",\"valueRequired\":true,\"valueName\":\"search_term_string\"}}],\"inLanguage\":\"es\"},{\"@type\":\"Organization\",\"@id\":\"https:\\\/\\\/madrid-visit.com\\\/#organization\",\"name\":\"Madrid visit\",\"url\":\"https:\\\/\\\/madrid-visit.com\\\/\",\"logo\":{\"@type\":\"ImageObject\",\"inLanguage\":\"es\",\"@id\":\"https:\\\/\\\/madrid-visit.com\\\/#\\\/schema\\\/logo\\\/image\\\/\",\"url\":\"https:\\\/\\\/madrid-visit.com\\\/wp-content\\\/uploads\\\/2025\\\/05\\\/logo-1.png\",\"contentUrl\":\"https:\\\/\\\/madrid-visit.com\\\/wp-content\\\/uploads\\\/2025\\\/05\\\/logo-1.png\",\"width\":205,\"height\":60,\"caption\":\"Madrid visit\"},\"image\":{\"@id\":\"https:\\\/\\\/madrid-visit.com\\\/#\\\/schema\\\/logo\\\/image\\\/\"}}]}<\/script>\n<!-- \/ Yoast SEO plugin. -->","yoast_head_json":{"title":"Cookies Policy - Madrid visit","robots":{"index":"index","follow":"follow","max-snippet":"max-snippet:-1","max-image-preview":"max-image-preview:large","max-video-preview":"max-video-preview:-1"},"canonical":"https:\/\/madrid-visit.com\/es\/cookies-policy\/","og_locale":"es_ES","og_type":"article","og_title":"Cookies Policy - Madrid visit","og_description":"This site uses cookies to improve the user experience. These include own and third party cookies (Google Analytics). 1. Definition and function of cookies Cookies are files that are stored on the user\u2019s device with the aim of improving browsing and enabling certain functionalities. 2. Types of cookies usedTechnical cookies:&hellip; Continue Reading Cookies Policy","og_url":"https:\/\/madrid-visit.com\/es\/cookies-policy\/","og_site_name":"Madrid visit","twitter_card":"summary_large_image","twitter_misc":{"Tiempo de lectura":"1 minuto"},"schema":{"@context":"https:\/\/schema.org","@graph":[{"@type":"WebPage","@id":"https:\/\/madrid-visit.com\/cookies-policy\/","url":"https:\/\/madrid-visit.com\/cookies-policy\/","name":"Cookies Policy - Madrid visit","isPartOf":{"@id":"https:\/\/madrid-visit.com\/#website"},"datePublished":"2025-11-15T15:31:25+00:00","breadcrumb":{"@id":"https:\/\/madrid-visit.com\/cookies-policy\/#breadcrumb"},"inLanguage":"es","potentialAction":[{"@type":"ReadAction","target":["https:\/\/madrid-visit.com\/cookies-policy\/"]}]},{"@type":"BreadcrumbList","@id":"https:\/\/madrid-visit.com\/cookies-policy\/#breadcrumb","itemListElement":[{"@type":"ListItem","position":1,"name":"Home","item":"https:\/\/madrid-visit.com\/"},{"@type":"ListItem","position":2,"name":"Cookies Policy"}]},{"@type":"WebSite","@id":"https:\/\/madrid-visit.com\/#website","url":"https:\/\/madrid-visit.com\/","name":"Madrid Visit","description":"Tours in Madrid created from scratch to be relevant, fun, rigorous and entertaining, to create a unique experience.","publisher":{"@id":"https:\/\/madrid-visit.com\/#organization"},"potentialAction":[{"@type":"SearchAction","target":{"@type":"EntryPoint","urlTemplate":"https:\/\/madrid-visit.com\/?s={search_term_string}"},"query-input":{"@type":"PropertyValueSpecification","valueRequired":true,"valueName":"search_term_string"}}],"inLanguage":"es"},{"@type":"Organization","@id":"https:\/\/madrid-visit.com\/#organization","name":"Madrid Visit","url":"https:\/\/madrid-visit.com\/","logo":{"@type":"ImageObject","inLanguage":"es","@id":"https:\/\/madrid-visit.com\/#\/schema\/logo\/image\/","url":"https:\/\/madrid-visit.com\/wp-content\/uploads\/2025\/05\/logo-1.png","contentUrl":"https:\/\/madrid-visit.com\/wp-content\/uploads\/2025\/05\/logo-1.png","width":205,"height":60,"caption":"Madrid visit"},"image":{"@id":"https:\/\/madrid-visit.com\/#\/schema\/logo\/image\/"}}]}},"_links":{"self":[{"href":"https:\/\/madrid-visit.com\/es\/wp-json\/wp\/v2\/pages\/3389","targetHints":{"allow":["GET"]}}],"collection":[{"href":"https:\/\/madrid-visit.com\/es\/wp-json\/wp\/v2\/pages"}],"about":[{"href":"https:\/\/madrid-visit.com\/es\/wp-json\/wp\/v2\/types\/page"}],"author":[{"embeddable":true,"href":"https:\/\/madrid-visit.com\/es\/wp-json\/wp\/v2\/users\/1"}],"replies":[{"embeddable":true,"href":"https:\/\/madrid-visit.com\/es\/wp-json\/wp\/v2\/comments?post=3389"}],"version-history":[{"count":1,"href":"https:\/\/madrid-visit.com\/es\/wp-json\/wp\/v2\/pages\/3389\/revisions"}],"predecessor-version":[{"id":3396,"href":"https:\/\/madrid-visit.com\/es\/wp-json\/wp\/v2\/pages\/3389\/revisions\/3396"}],"wp:attachment":[{"href":"https:\/\/madrid-visit.com\/es\/wp-json\/wp\/v2\/media?parent=3389"}],"curies":[{"name":"wp","href":"https:\/\/api.w.org\/{rel}","templated":true}]}}