{"id":3383,"date":"2025-11-15T15:19:04","date_gmt":"2025-11-15T15:19:04","guid":{"rendered":"https:\/\/madrid-visit.com\/?page_id=3383"},"modified":"2025-11-15T15:26:03","modified_gmt":"2025-11-15T15:26:03","slug":"privacy-policy","status":"publish","type":"page","link":"https:\/\/madrid-visit.com\/es\/privacy-policy\/","title":{"rendered":"Privacy Policy"},"content":{"rendered":"<h2 class=\"wp-block-heading\">1. Responsable del tratamiento de los datos<br>Empresa: Nicolas Eric Guggenheimer Keranen<br>CIF:12450764J<br>E-mail: <a href=\"mailto:madridvisit@gmail.com%20%20%20\">madridvisit@gmail.com<\/a><\/h2>\n\n\n\n<p>2. Finalidad del tratamiento<br>En este sitio web recopilamos datos personales con las siguientes finalidades:<br>Responder a solicitudes de contacto.<br>Enviar newsletters y comunicaciones comerciales.<br>Gestionar formularios de solicitud de servicios.<br>Analizar el comportamiento de los usuarios mediante Google Analytics.<\/p>\n\n\n\n<p>3. Base legal para el tratamiento<br>El tratamiento de los datos se realiza sobre la base del consentimiento del usuario al proporcionar su informaci\u00f3n y aceptar esta pol\u00edtica de privacidad.<\/p>\n\n\n\n<p>4. Cesiones y transferencias de datos<br>Los datos personales no se comparten con terceros, salvo con proveedores de servicios tecnol\u00f3gicos como Google Analytics.<\/p>\n\n\n\n<p>5. Conservaci\u00f3n de los datos<br>Los datos personales se conservar\u00e1n mientras sean necesarios para la finalidad por la que fueron recabados o hasta que el usuario solicite su eliminaci\u00f3n, respetando los plazos legales de conservaci\u00f3n.<\/p>\n\n\n\n<p>6. Derechos de los usuarios<br>Users may exercise their rights of access, rectification, deletion, opposition and limitation of processing by sending an e-mail to <a href=\"mailto:madridvisit@gmail.com%20%20%20\">madridvisit@gmail.com<\/a>.<\/p>\n\n\n\n<p>7. Seguridad de los datos<br>Hemos implementado las medidas t\u00e9cnicas y organizativas necesarias para garantizar la seguridad y confidencialidad de los datos personales.<\/p>","protected":false},"excerpt":{"rendered":"<p>1. Responsible for data processingCompany: Nicolas Eric Guggenheimer KeranenTAX ID: 12450764JE-mail: madridvisit@gmail.com 2. Purpose of processingAt this site we collect personal data for the following purposes:To respond to contact requests.To send newsletters and commercial communications.Manage service request forms.To analyse user behaviour using Google Analytics. 3. Legal basis for processingThe processing&hellip; <a class=\"continue\" href=\"https:\/\/madrid-visit.com\/es\/privacy-policy\/\">Continue Reading<span> Privacy Policy<\/span><\/a><\/p>","protected":false},"author":1,"featured_media":0,"parent":0,"menu_order":0,"comment_status":"closed","ping_status":"closed","template":"","meta":{"footnotes":""},"class_list":["post-3383","page","type-page","status-publish","hentry"],"acf":[],"yoast_head":"<!-- This site is optimized with the Yoast SEO plugin v27.4 - https:\/\/yoast.com\/product\/yoast-seo-wordpress\/ -->\n<title>Privacy Policy - Madrid visit<\/title>\n<meta name=\"robots\" content=\"index, follow, max-snippet:-1, max-image-preview:large, max-video-preview:-1\" \/>\n<link rel=\"canonical\" href=\"https:\/\/madrid-visit.com\/es\/privacy-policy\/\" \/>\n<meta property=\"og:locale\" content=\"es_ES\" \/>\n<meta property=\"og:type\" content=\"article\" \/>\n<meta property=\"og:title\" content=\"Privacy Policy - Madrid visit\" \/>\n<meta property=\"og:description\" content=\"1. Responsible for data processingCompany: Nicolas Eric Guggenheimer KeranenTAX ID: 12450764JE-mail: madridvisit@gmail.com 2. Purpose of processingAt this site we collect personal data for the following purposes:To respond to contact requests.To send newsletters and commercial communications.Manage service request forms.To analyse user behaviour using Google Analytics. 3. Legal basis for processingThe processing&hellip; Continue Reading Privacy Policy\" \/>\n<meta property=\"og:url\" content=\"https:\/\/madrid-visit.com\/es\/privacy-policy\/\" \/>\n<meta property=\"og:site_name\" content=\"Madrid visit\" \/>\n<meta property=\"article:modified_time\" content=\"2025-11-15T15:26:03+00:00\" \/>\n<meta name=\"twitter:card\" content=\"summary_large_image\" \/>\n<meta name=\"twitter:label1\" content=\"Tiempo de lectura\" \/>\n\t<meta name=\"twitter:data1\" content=\"1 minuto\" \/>\n<script type=\"application\/ld+json\" class=\"yoast-schema-graph\">{\"@context\":\"https:\\\/\\\/schema.org\",\"@graph\":[{\"@type\":\"WebPage\",\"@id\":\"https:\\\/\\\/madrid-visit.com\\\/privacy-policy\\\/\",\"url\":\"https:\\\/\\\/madrid-visit.com\\\/privacy-policy\\\/\",\"name\":\"Privacy Policy - Madrid visit\",\"isPartOf\":{\"@id\":\"https:\\\/\\\/madrid-visit.com\\\/#website\"},\"datePublished\":\"2025-11-15T15:19:04+00:00\",\"dateModified\":\"2025-11-15T15:26:03+00:00\",\"breadcrumb\":{\"@id\":\"https:\\\/\\\/madrid-visit.com\\\/privacy-policy\\\/#breadcrumb\"},\"inLanguage\":\"es\",\"potentialAction\":[{\"@type\":\"ReadAction\",\"target\":[\"https:\\\/\\\/madrid-visit.com\\\/privacy-policy\\\/\"]}]},{\"@type\":\"BreadcrumbList\",\"@id\":\"https:\\\/\\\/madrid-visit.com\\\/privacy-policy\\\/#breadcrumb\",\"itemListElement\":[{\"@type\":\"ListItem\",\"position\":1,\"name\":\"Home\",\"item\":\"https:\\\/\\\/madrid-visit.com\\\/\"},{\"@type\":\"ListItem\",\"position\":2,\"name\":\"Privacy Policy\"}]},{\"@type\":\"WebSite\",\"@id\":\"https:\\\/\\\/madrid-visit.com\\\/#website\",\"url\":\"https:\\\/\\\/madrid-visit.com\\\/\",\"name\":\"Madrid visit\",\"description\":\"Tours in Madrid created from scratch to be relevant, fun, rigorous and entertaining, to create a unique experience.\",\"publisher\":{\"@id\":\"https:\\\/\\\/madrid-visit.com\\\/#organization\"},\"potentialAction\":[{\"@type\":\"SearchAction\",\"target\":{\"@type\":\"EntryPoint\",\"urlTemplate\":\"https:\\\/\\\/madrid-visit.com\\\/?s={search_term_string}\"},\"query-input\":{\"@type\":\"PropertyValueSpecification\",\"valueRequired\":true,\"valueName\":\"search_term_string\"}}],\"inLanguage\":\"es\"},{\"@type\":\"Organization\",\"@id\":\"https:\\\/\\\/madrid-visit.com\\\/#organization\",\"name\":\"Madrid visit\",\"url\":\"https:\\\/\\\/madrid-visit.com\\\/\",\"logo\":{\"@type\":\"ImageObject\",\"inLanguage\":\"es\",\"@id\":\"https:\\\/\\\/madrid-visit.com\\\/#\\\/schema\\\/logo\\\/image\\\/\",\"url\":\"https:\\\/\\\/madrid-visit.com\\\/wp-content\\\/uploads\\\/2025\\\/05\\\/logo-1.png\",\"contentUrl\":\"https:\\\/\\\/madrid-visit.com\\\/wp-content\\\/uploads\\\/2025\\\/05\\\/logo-1.png\",\"width\":205,\"height\":60,\"caption\":\"Madrid visit\"},\"image\":{\"@id\":\"https:\\\/\\\/madrid-visit.com\\\/#\\\/schema\\\/logo\\\/image\\\/\"}}]}<\/script>\n<!-- \/ Yoast SEO plugin. -->","yoast_head_json":{"title":"Privacy Policy - Madrid visit","robots":{"index":"index","follow":"follow","max-snippet":"max-snippet:-1","max-image-preview":"max-image-preview:large","max-video-preview":"max-video-preview:-1"},"canonical":"https:\/\/madrid-visit.com\/es\/privacy-policy\/","og_locale":"es_ES","og_type":"article","og_title":"Privacy Policy - Madrid visit","og_description":"1. Responsible for data processingCompany: Nicolas Eric Guggenheimer KeranenTAX ID: 12450764JE-mail: madridvisit@gmail.com 2. Purpose of processingAt this site we collect personal data for the following purposes:To respond to contact requests.To send newsletters and commercial communications.Manage service request forms.To analyse user behaviour using Google Analytics. 3. Legal basis for processingThe processing&hellip; Continue Reading Privacy Policy","og_url":"https:\/\/madrid-visit.com\/es\/privacy-policy\/","og_site_name":"Madrid visit","article_modified_time":"2025-11-15T15:26:03+00:00","twitter_card":"summary_large_image","twitter_misc":{"Tiempo de lectura":"1 minuto"},"schema":{"@context":"https:\/\/schema.org","@graph":[{"@type":"WebPage","@id":"https:\/\/madrid-visit.com\/privacy-policy\/","url":"https:\/\/madrid-visit.com\/privacy-policy\/","name":"Privacy Policy - Madrid visit","isPartOf":{"@id":"https:\/\/madrid-visit.com\/#website"},"datePublished":"2025-11-15T15:19:04+00:00","dateModified":"2025-11-15T15:26:03+00:00","breadcrumb":{"@id":"https:\/\/madrid-visit.com\/privacy-policy\/#breadcrumb"},"inLanguage":"es","potentialAction":[{"@type":"ReadAction","target":["https:\/\/madrid-visit.com\/privacy-policy\/"]}]},{"@type":"BreadcrumbList","@id":"https:\/\/madrid-visit.com\/privacy-policy\/#breadcrumb","itemListElement":[{"@type":"ListItem","position":1,"name":"Home","item":"https:\/\/madrid-visit.com\/"},{"@type":"ListItem","position":2,"name":"Privacy Policy"}]},{"@type":"WebSite","@id":"https:\/\/madrid-visit.com\/#website","url":"https:\/\/madrid-visit.com\/","name":"Madrid Visit","description":"Tours in Madrid created from scratch to be relevant, fun, rigorous and entertaining, to create a unique experience.","publisher":{"@id":"https:\/\/madrid-visit.com\/#organization"},"potentialAction":[{"@type":"SearchAction","target":{"@type":"EntryPoint","urlTemplate":"https:\/\/madrid-visit.com\/?s={search_term_string}"},"query-input":{"@type":"PropertyValueSpecification","valueRequired":true,"valueName":"search_term_string"}}],"inLanguage":"es"},{"@type":"Organization","@id":"https:\/\/madrid-visit.com\/#organization","name":"Madrid Visit","url":"https:\/\/madrid-visit.com\/","logo":{"@type":"ImageObject","inLanguage":"es","@id":"https:\/\/madrid-visit.com\/#\/schema\/logo\/image\/","url":"https:\/\/madrid-visit.com\/wp-content\/uploads\/2025\/05\/logo-1.png","contentUrl":"https:\/\/madrid-visit.com\/wp-content\/uploads\/2025\/05\/logo-1.png","width":205,"height":60,"caption":"Madrid visit"},"image":{"@id":"https:\/\/madrid-visit.com\/#\/schema\/logo\/image\/"}}]}},"_links":{"self":[{"href":"https:\/\/madrid-visit.com\/es\/wp-json\/wp\/v2\/pages\/3383","targetHints":{"allow":["GET"]}}],"collection":[{"href":"https:\/\/madrid-visit.com\/es\/wp-json\/wp\/v2\/pages"}],"about":[{"href":"https:\/\/madrid-visit.com\/es\/wp-json\/wp\/v2\/types\/page"}],"author":[{"embeddable":true,"href":"https:\/\/madrid-visit.com\/es\/wp-json\/wp\/v2\/users\/1"}],"replies":[{"embeddable":true,"href":"https:\/\/madrid-visit.com\/es\/wp-json\/wp\/v2\/comments?post=3383"}],"version-history":[{"count":3,"href":"https:\/\/madrid-visit.com\/es\/wp-json\/wp\/v2\/pages\/3383\/revisions"}],"predecessor-version":[{"id":3393,"href":"https:\/\/madrid-visit.com\/es\/wp-json\/wp\/v2\/pages\/3383\/revisions\/3393"}],"wp:attachment":[{"href":"https:\/\/madrid-visit.com\/es\/wp-json\/wp\/v2\/media?parent=3383"}],"curies":[{"name":"wp","href":"https:\/\/api.w.org\/{rel}","templated":true}]}}